{"id":65,"date":"2023-02-06T12:21:18","date_gmt":"2023-02-06T12:21:18","guid":{"rendered":"https:\/\/compucables.net.co\/?page_id=65"},"modified":"2025-12-03T20:02:14","modified_gmt":"2025-12-03T20:02:14","slug":"acerca-de","status":"publish","type":"page","link":"https:\/\/compucables.net.co\/en\/acerca-de\/","title":{"rendered":"Acerca de"},"content":{"rendered":"<div data-elementor-type=\"wp-page\" data-elementor-id=\"65\" class=\"elementor elementor-65\">\n\t\t\t\t<div class=\"elementor-element elementor-element-33665733 e-flex e-con-boxed e-con e-parent\" data-id=\"33665733\" data-element_type=\"container\">\n\t\t\t\t\t<div class=\"e-con-inner\">\n\t\t\t\t<div class=\"elementor-element elementor-element-5b9db39f elementor-widget elementor-widget-text-editor\" data-id=\"5b9db39f\" data-element_type=\"widget\" data-widget_type=\"text-editor.default\">\n\t\t\t\t<div class=\"elementor-widget-container\">\n\t\t\t\t\t\t\t<section class=\"page-header page-header-modern page-header-background page-header-background-md overlay overlay-color-dark overlay-show overlay-op-7 wp-image-229\" style=\"background-image: url('https:\/\/compucables.net.co\/wp-content\/uploads\/2023\/02\/sistema-seguridad-electronica-1-1-1.jpeg'); background-position: center;\"><div class=\"container\" style=\"text-align: center;\"><div class=\"row mt-5\"><div class=\"col-md-12 align-self-center p-static order-2 text-center\"><h1 class=\"text-9 font-weight-bold\">About Compucables<\/h1><p><span class=\"sub-title\">The best choice for your next project.<\/span><\/p><\/div><div class=\"col-md-12 align-self-center order-1\"><ul class=\"breadcrumb breadcrumb-light d-block text-center\"><li style=\"list-style-type: none;\"><ul class=\"breadcrumb breadcrumb-light d-block text-center\"><li><a href=\"\/en\/\">Home<\/a><\/li><\/ul><\/li><\/ul><ul class=\"breadcrumb breadcrumb-light d-block text-center\"><li class=\"active\">About<\/li><\/ul><\/div><\/div><\/div><\/section><div class=\"container\"><div class=\"row pt-5\"><div class=\"col\"><div class=\"row text-center pb-5\"><div class=\"col-md-9 mx-md-auto\"><div class=\"overflow-hidden mb-3\"><h1 class=\"word-rotator slide font-weight-bold text-8 mb-0 appear-animation\" data-appear-animation=\"maskUp\">We are Compucables, <br \/><span class=\"word-rotator-words bg-primary\"><br \/><b class=\"is-visible\">Develop<\/b><br \/><b>Build<\/b><br \/><b>Create<\/b><br \/><\/span><br \/>solutions for the industry<\/h1><\/div><div class=\"overflow-hidden mb-3\"><p class=\"lead mb-0 appear-animation animated maskUp appear-animation-visible\" style=\"animation-delay: 200ms;\" data-appear-animation=\"maskUp\" data-appear-animation-delay=\"200\">\u00a0<\/p><\/div><\/div><\/div><\/div><\/div><\/div><section class=\"section section-height-3 bg-color-grey-scale-1 m-0 border-0\"><div class=\"container\"><div class=\"row align-items-center justify-content-center\"><div class=\"col-lg-6 pb-sm-4 pb-lg-0 pe-lg-5 mb-sm-5 mb-lg-0\"><h2 class=\"text-color-dark font-weight-normal text-6 mb-2\"><strong class=\"font-weight-extra-bold\">Who\u00a0<\/strong>are we?<\/h2><p class=\"lead\">A leading company in the Electrical and Electronic Engineering sector, with over 27 years of experience serving at regional, national, and international levels.\u00a0<\/p><p class=\"lead\">We focus on the sustainable growth of our clients, providing comprehensive solutions tailored to their needs with design and implementation <strong class=\"font-weight-extra-bold\">dise\u00f1os e implementaci\u00f3n en<\/strong><\/p><ul><li class=\"lune-block\"><strong>ENERGY and LIGHTNING\u00a0<\/strong><\/li><li class=\"lune-block\"><strong style=\"font-size: 1.2rem; letter-spacing: -0.05em; text-align: var(--bs-body-text-align); background-color: #f7f7f7;\">COMMUNICATIONS<\/strong><\/li><li class=\"\"><strong style=\"font-size: 1.2rem; letter-spacing: -0.05em; text-align: var(--bs-body-text-align); background-color: #f7f7f7;\">ELECTRONIC SECURITY<\/strong><\/li><li class=\"lune-block\"><strong style=\"font-size: 1.2rem; letter-spacing: -0.05em; text-align: var(--bs-body-text-align); background-color: #f7f7f7;\">DATA ANALYTICS\u00a0<\/strong><\/li><li class=\"lune-block\"><strong style=\"font-size: 1.2rem; letter-spacing: -0.05em; text-align: var(--bs-body-text-align); background-color: #f7f7f7;\">GESTI\u00d3N GERENCIAL DE SERVICIOS DE MANTENIMIENTO<\/strong><\/li><\/ul><p class=\"lead\">We have highly trained personnel and strategic partnerships with prominent manufacturers. We guarantee solutions using advanced technology equipment and systems with timely delivery.<\/p><\/div><div class=\"col-sm-8 col-md-6 col-lg-4 offset-sm-4 offset-md-4 offset-lg-2 position-relative mt-sm-5\" style=\"top: 1.7rem;\"><img fetchpriority=\"high\" decoding=\"async\" class=\"img-fluid position-absolute d-none d-sm-block appear-animation wp-image-232\" style=\"top: 10%; left: -50%;\" src=\"https:\/\/compucables.net.co\/wp-content\/uploads\/2023\/02\/IMG_20161020_101813_resized_20161022_072145735.jpg\" sizes=\"(max-width: 500px) 100vw, 500px\" srcset=\"https:\/\/compucables.net.co\/wp-content\/uploads\/2023\/02\/IMG_20161020_101813_resized_20161022_072145735.jpg 500w, https:\/\/compucables.net.co\/wp-content\/uploads\/2023\/02\/IMG_20161020_101813_resized_20161022_072145735-300x225.jpg 300w\" width=\"200\" height=\"375\" data-appear-animation=\"expandIn\" data-appear-animation-delay=\"300\" \/><br \/><img decoding=\"async\" class=\"img-fluid position-absolute d-none d-sm-block appear-animation\" style=\"top: -33%; left: -29%;\" src=\"https:\/\/www.okler.net\/previews\/porto\/9.9.1\/img\/generic\/generic-corporate-3-2.jpg\" alt=\"\" data-appear-animation=\"expandIn\" \/><br \/><img decoding=\"async\" class=\"img-fluid position-relative appear-animation mb-2 wp-image-892\" src=\"https:\/\/compucables.net.co\/wp-content\/uploads\/2024\/07\/WhatsApp-Image-2024-07-03-at-21.38.12.jpeg\" sizes=\"(max-width: 1280px) 100vw, 1280px\" srcset=\"https:\/\/compucables.net.co\/wp-content\/uploads\/2024\/07\/WhatsApp-Image-2024-07-03-at-21.38.12.jpeg 1280w, https:\/\/compucables.net.co\/wp-content\/uploads\/2024\/07\/WhatsApp-Image-2024-07-03-at-21.38.12-300x186.jpeg 300w, https:\/\/compucables.net.co\/wp-content\/uploads\/2024\/07\/WhatsApp-Image-2024-07-03-at-21.38.12-1024x635.jpeg 1024w, https:\/\/compucables.net.co\/wp-content\/uploads\/2024\/07\/WhatsApp-Image-2024-07-03-at-21.38.12-768x476.jpeg 768w, https:\/\/compucables.net.co\/wp-content\/uploads\/2024\/07\/WhatsApp-Image-2024-07-03-at-21.38.12-18x12.jpeg 18w\" width=\"1280\" height=\"794\" data-appear-animation=\"expandIn\" data-appear-animation-delay=\"600\" \/><\/div><\/div><\/div><\/section><section class=\"section section-height-3 m-0 border-0 bg-white\"><div class=\"container\"><div class=\"row align-items-center justify-content-center\"><div class=\"col-sm-8 col-md-6 col-lg-4 offset-sm-4 offset-md-4 offset-lg-2 position-relative mt-sm-5\" style=\"top: 1.7rem;\"><img decoding=\"async\" class=\"img-fluid position-absolute d-none d-sm-block appear-animation wp-image-239\" style=\"top: 10%; left: -50%;\" src=\"https:\/\/compucables.net.co\/wp-content\/uploads\/2023\/02\/IMG_20161020_101927_resized_20161022_072143168.jpg\" sizes=\"(max-width: 500px) 100vw, 500px\" srcset=\"https:\/\/compucables.net.co\/wp-content\/uploads\/2023\/02\/IMG_20161020_101927_resized_20161022_072143168.jpg 500w, https:\/\/compucables.net.co\/wp-content\/uploads\/2023\/02\/IMG_20161020_101927_resized_20161022_072143168-300x225.jpg 300w\" width=\"200\" data-appear-animation=\"expandIn\" data-appear-animation-delay=\"300\" \/><br \/><img decoding=\"async\" class=\"img-fluid position-absolute d-none d-sm-block appear-animation\" style=\"top: -33%; left: -29%;\" src=\"https:\/\/www.okler.net\/previews\/porto\/9.9.1\/img\/generic\/generic-corporate-3-2.jpg\" alt=\"\" data-appear-animation=\"expandIn\" \/><br \/><img decoding=\"async\" class=\"img-fluid position-relative appear-animation mb-2 wp-image-248\" src=\"https:\/\/compucables.net.co\/wp-content\/uploads\/2023\/02\/caso-de-exito-edificio-alameda.jpg\" sizes=\"(max-width: 393px) 100vw, 393px\" srcset=\"https:\/\/compucables.net.co\/wp-content\/uploads\/2023\/02\/caso-de-exito-edificio-alameda.jpg 393w, https:\/\/compucables.net.co\/wp-content\/uploads\/2023\/02\/caso-de-exito-edificio-alameda-275x300.jpg 275w\" width=\"250\" height=\"250\" data-appear-animation=\"expandIn\" data-appear-animation-delay=\"600\" \/><\/div><div class=\"col-lg-6 pb-sm-4 pb-lg-0 pe-lg-5 mb-sm-5 mb-lg-0\"><h2 class=\"text-color-dark font-weight-normal text-6 mb-2\"><strong class=\"font-weight-extra-bold\">What do <\/strong>we do?<\/h2><p class=\"lead\">We solve needs in ENERGY and LIGHTING infrastructure, COMMUNICATIONS, ELECTRONIC SECURITY, BUSINESS DATA ANALYTICS PROCESSING, and MANAGERIAL MANAGEMENT OF MAINTENANCE SERVICES (GEM).<\/p><p>COMPUCABLES NUGER S.A.S. is positioned in the market as a company with extensive recognition and experience in the country, serving around 60 prominent permanent clients in sectors such as finance, education, industry, commerce, health, and residential, among others.<\/p><\/div><\/div><\/div><\/section><section class=\"section section-height-3 bg-color-grey-scale-1 m-0 border-0\"><div class=\"container\"><div class=\"row align-items-center justify-content-center\"><div class=\"col-lg-6 pb-sm-4 pb-lg-0 pe-lg-5 mb-sm-5 mb-lg-0\"><h2 class=\"text-color-dark font-weight-normal text-6 mb-2\"><strong class=\"font-weight-extra-bold\">How do<\/strong> we do it?<\/h2><p class=\"lead\">Nuestra Gerencia de Proyectos se encuentra fundamentada en nuestros profesionales, quienes suman m\u00e1s de 50 a\u00f1os de experiencia.\u00a0<\/p><p class=\"lead\">We have a PMO office that ensures compliance with project delivery in terms of time, scope, cost, and quality, making our clients' needs the organization's primary strategic objective.<\/p><p class=\"lead\">We use measurement and tracking indicators, supported by ISO standards, to ensure reliable results.<\/p><\/div><div class=\"col-sm-8 col-md-6 col-lg-4 offset-sm-4 offset-md-4 offset-lg-2 position-relative mt-sm-5\" style=\"top: 1.7rem;\"><img loading=\"lazy\" decoding=\"async\" class=\"img-fluid position-absolute d-none d-sm-block appear-animation wp-image-213\" style=\"top: 10%; left: -50%;\" src=\"https:\/\/compucables.net.co\/wp-content\/uploads\/2023\/02\/descarga-1.jpeg\" width=\"200\" height=\"170\" data-appear-animation=\"expandIn\" data-appear-animation-delay=\"300\" \/><br \/><img decoding=\"async\" class=\"img-fluid position-absolute d-none d-sm-block appear-animation\" style=\"top: -33%; left: -29%;\" src=\"https:\/\/www.okler.net\/previews\/porto\/9.9.1\/img\/generic\/generic-corporate-3-2.jpg\" alt=\"\" data-appear-animation=\"expandIn\" \/><br \/><img decoding=\"async\" class=\"img-fluid position-relative appear-animation mb-2 wp-image-250\" src=\"https:\/\/compucables.net.co\/wp-content\/uploads\/2023\/02\/Caso-de-exito-SMART-OFFICE-COLLAGE.png\" sizes=\"(max-width: 589px) 100vw, 589px\" srcset=\"https:\/\/compucables.net.co\/wp-content\/uploads\/2023\/02\/Caso-de-exito-SMART-OFFICE-COLLAGE.png 589w, https:\/\/compucables.net.co\/wp-content\/uploads\/2023\/02\/Caso-de-exito-SMART-OFFICE-COLLAGE-283x300.png 283w\" height=\"288\" data-appear-animation=\"expandIn\" data-appear-animation-delay=\"600\" \/><\/div><\/div><\/div><\/section>\t\t\t\t\t\t<\/div>\n\t\t\t\t<\/div>\n\t\t\t\t\t<\/div>\n\t\t\t\t<\/div>\n\t\t<div class=\"elementor-element elementor-element-2b653a1 e-flex e-con-boxed e-con e-parent\" data-id=\"2b653a1\" data-element_type=\"container\">\n\t\t\t\t\t<div class=\"e-con-inner\">\n\t\t<div class=\"elementor-element elementor-element-97378f2 e-con-full e-flex e-con e-child\" data-id=\"97378f2\" data-element_type=\"container\">\n\t\t\t\t<div class=\"elementor-element elementor-element-4de7f39 elementor-widget elementor-widget-image\" data-id=\"4de7f39\" data-element_type=\"widget\" data-widget_type=\"image.default\">\n\t\t\t\t<div class=\"elementor-widget-container\">\n\t\t\t\t\t\t\t\t\t\t\t\t\t<img loading=\"lazy\" decoding=\"async\" width=\"768\" height=\"467\" src=\"https:\/\/compucables.net.co\/wp-content\/uploads\/2025\/11\/Centro-Gastronomico-de-Puerto-Colombia-768x467.jpg\" class=\"attachment-medium_large size-medium_large wp-image-1147\" alt=\"\" srcset=\"https:\/\/compucables.net.co\/wp-content\/uploads\/2025\/11\/Centro-Gastronomico-de-Puerto-Colombia-768x467.jpg 768w, https:\/\/compucables.net.co\/wp-content\/uploads\/2025\/11\/Centro-Gastronomico-de-Puerto-Colombia-300x183.jpg 300w, https:\/\/compucables.net.co\/wp-content\/uploads\/2025\/11\/Centro-Gastronomico-de-Puerto-Colombia-1024x623.jpg 1024w, https:\/\/compucables.net.co\/wp-content\/uploads\/2025\/11\/Centro-Gastronomico-de-Puerto-Colombia-1536x935.jpg 1536w, https:\/\/compucables.net.co\/wp-content\/uploads\/2025\/11\/Centro-Gastronomico-de-Puerto-Colombia-2048x1247.jpg 2048w, https:\/\/compucables.net.co\/wp-content\/uploads\/2025\/11\/Centro-Gastronomico-de-Puerto-Colombia-18x12.jpg 18w\" sizes=\"(max-width: 768px) 100vw, 768px\" \/>\t\t\t\t\t\t\t\t\t\t\t\t\t<\/div>\n\t\t\t\t<\/div>\n\t\t\t\t<\/div>\n\t\t<div class=\"elementor-element elementor-element-9b77584 e-con-full e-flex e-con e-child\" data-id=\"9b77584\" data-element_type=\"container\">\n\t\t\t\t<div class=\"elementor-element elementor-element-10c790d elementor-widget elementor-widget-heading\" data-id=\"10c790d\" data-element_type=\"widget\" data-widget_type=\"heading.default\">\n\t\t\t\t<div class=\"elementor-widget-container\">\n\t\t\t<h2 class=\"elementor-heading-title elementor-size-default\"><a href=\"https:\/\/compucables.net.co\/wp-content\/uploads\/2025\/11\/DEGE-009-POLITICA-SGI-1.pdf\">Conoce <b>Nuestras Pol\u00edticas<\/b> <br>del <b>Sistema de Gesti\u00f3n Intergado<\/b><\/a><\/h2>\t\t<\/div>\n\t\t\t\t<\/div>\n\t\t\t\t<div class=\"elementor-element elementor-element-3a29efe elementor-widget elementor-widget-heading\" data-id=\"3a29efe\" data-element_type=\"widget\" data-widget_type=\"heading.default\">\n\t\t\t\t<div class=\"elementor-widget-container\">\n\t\t\t<h4 class=\"elementor-heading-title elementor-size-default\"><a href=\"https:\/\/compucables.net.co\/wp-content\/uploads\/2025\/11\/DEGE-009-POLITICA-SGI-1.pdf\">Ver Nuestra Pol\u00edtica<\/a><\/h4>\t\t<\/div>\n\t\t\t\t<\/div>\n\t\t\t\t<\/div>\n\t\t\t\t\t<\/div>\n\t\t\t\t<\/div>\n\t\t\t\t<\/div>","protected":false},"excerpt":{"rendered":"<p>Acerca De Compucables La mejor opci\u00f3n para su pr\u00f3ximo proyecto Inicio Acerca De Somos Compucables, CreamosDesarrollamosConstruimos soluciones para la industria \u00a0 \u00bfQuienes\u00a0Somos? Una empresa l\u00edder en el sector de la Ingenier\u00eda El\u00e9ctrica y Electr\u00f3nica con m\u00e1s de 27 a\u00f1os de experiencia en el servicio a nivel regional, nacional e internacional.\u00a0 Nos enfocamos en el crecimiento [&hellip;]<\/p>","protected":false},"author":1,"featured_media":0,"parent":0,"menu_order":0,"comment_status":"closed","ping_status":"closed","template":"","meta":{"footnotes":""},"class_list":["post-65","page","type-page","status-publish","hentry"],"_links":{"self":[{"href":"https:\/\/compucables.net.co\/en\/wp-json\/wp\/v2\/pages\/65","targetHints":{"allow":["GET"]}}],"collection":[{"href":"https:\/\/compucables.net.co\/en\/wp-json\/wp\/v2\/pages"}],"about":[{"href":"https:\/\/compucables.net.co\/en\/wp-json\/wp\/v2\/types\/page"}],"author":[{"embeddable":true,"href":"https:\/\/compucables.net.co\/en\/wp-json\/wp\/v2\/users\/1"}],"replies":[{"embeddable":true,"href":"https:\/\/compucables.net.co\/en\/wp-json\/wp\/v2\/comments?post=65"}],"version-history":[{"count":61,"href":"https:\/\/compucables.net.co\/en\/wp-json\/wp\/v2\/pages\/65\/revisions"}],"predecessor-version":[{"id":1170,"href":"https:\/\/compucables.net.co\/en\/wp-json\/wp\/v2\/pages\/65\/revisions\/1170"}],"wp:attachment":[{"href":"https:\/\/compucables.net.co\/en\/wp-json\/wp\/v2\/media?parent=65"}],"curies":[{"name":"wp","href":"https:\/\/api.w.org\/{rel}","templated":true}]}}