{"id":256,"date":"2023-02-17T02:17:41","date_gmt":"2023-02-17T02:17:41","guid":{"rendered":"https:\/\/compucables.net.co\/?page_id=256"},"modified":"2024-07-09T19:29:52","modified_gmt":"2024-07-09T19:29:52","slug":"contacto","status":"publish","type":"page","link":"https:\/\/compucables.net.co\/en\/contacto\/","title":{"rendered":"Contact us"},"content":{"rendered":"<section class=\"page-header page-header-modern page-header-background page-header-background-md parallax overlay overlay-color-dark overlay-show overlay-op-5 mt-0\" data-plugin-parallax=\"\" data-plugin-options=\"{'speed': 1.2}\" data-image-src=\"https:\/\/www.okler.net\/previews\/porto\/9.9.1\/img\/page-header\/page-header-parallax.jpg\" lune-helper=\"background\">\n<div class=\"container\">\n<div class=\"row\">\n<div class=\"col-md-8 order-2 order-md-1 align-self-center p-static\">\n<h1>CONTACT US<\/h1>\n<p>\t\t\t\t<span class=\"sub-title\">Siempre m\u00e1s cerca de usted<\/span>\n\t\t\t<\/div>\n<div class=\"col-md-4 order-1 order-md-2 align-self-center\">\n<ul class=\"breadcrumb breadcrumb-light d-block text-md-right\">\n<li><a href=\"\/en\/\" class=\"lune-highlight-currently-editing\">Home<\/a><\/li>\n<li class=\"active\">Contact us<\/li>\n<\/ul><\/div>\n<\/p><\/div>\n<\/p><\/div>\n<\/section>\n<div class=\"container\">\n<div class=\"row py-4\">\n<div class=\"col-lg-7 appear-animation\" data-appear-animation=\"fadeIn\" data-appear-animation-delay=\"650\">\n<h2 class=\"font-weight-bold text-7 mt-2 mb-0\" editable=\"inline\">Contact us<\/h2>\n<p class=\"mb-4\" editable=\"inline\">One of our consultants will contact you soon!<\/p>\n<div class=\"lune-rendered-shortcode-wrap\">\n<div class=\"wpcf7 js\" id=\"wpcf7-f263-o1\" lang=\"es-ES\" dir=\"ltr\">\n<div class=\"screen-reader-response\" editable=\"rich\">\n<p role=\"status\" aria-live=\"polite\" aria-atomic=\"true\">\n<ul editable=\"inline\"><\/ul>\n<\/p><\/div>\n<div class=\"lune-block\">\n<div class=\"lune-rendered-shortcode-wrap\">\n<div class=\"wpcf7 js\" id=\"wpcf7-f263-o1\" lang=\"es-ES\" dir=\"ltr\">\n<div class=\"screen-reader-response\" editable=\"rich\">\n<p role=\"status\" aria-live=\"polite\" aria-atomic=\"true\">\n<ul editable=\"inline\"><\/ul>\n<\/p><\/div>\n<form action=\"\/wp-admin\/admin-ajax.php\" method=\"post\" class=\"wpcf7-form init\" aria-label=\"Contact Form\" novalidate=\"novalidate\" data-status=\"init\" data-trp-original-action=\"\/wp-admin\/admin-ajax.php#wpcf7-f263-o1\">\n<div style=\"display: none;\">\n\t\t\t\t\t\t\t\t\t\t<input type=\"hidden\" name=\"_wpcf7\" value=\"263\"><br \/>\n\t\t\t\t\t\t\t\t\t\t<input type=\"hidden\" name=\"_wpcf7_version\" value=\"5.7.4\"><br \/>\n\t\t\t\t\t\t\t\t\t\t<input type=\"hidden\" name=\"_wpcf7_locale\" value=\"es_ES\"><br \/>\n\t\t\t\t\t\t\t\t\t\t<input type=\"hidden\" name=\"_wpcf7_unit_tag\" value=\"wpcf7-f263-o1\"><br \/>\n\t\t\t\t\t\t\t\t\t\t<input type=\"hidden\" name=\"_wpcf7_container_post\" value=\"0\"><br \/>\n\t\t\t\t\t\t\t\t\t\t<input type=\"hidden\" name=\"_wpcf7_posted_data_hash\" value=\"\">\n\t\t\t\t\t\t\t\t\t<\/div>\n<div class=\"row\">\n<div class=\"form-group col-md-6\" editable=\"rich\">\n<p><label class=\"form-label mb-1 text-2\" editable=\"inline\">Name<\/label><br \/>\n\t\t\t\t\t\t\t\t\t\t\t\t<span class=\"wpcf7-form-control-wrap\" data-name=\"your-name\"><input size=\"40\" class=\"wpcf7-form-control wpcf7-text wpcf7-validates-as-required form-control text-3 h-auto py-2\" aria-required=\"true\" aria-invalid=\"false\" value=\"\" type=\"text\" name=\"your-name\"><\/span>\n\t\t\t\t\t\t\t\t\t\t\t<\/p>\n<\/p><\/div>\n<div class=\"form-group col-md-6\" editable=\"rich\">\n<p><label class=\"form-label mb-1 text-2\" editable=\"inline\">Email<\/label><br \/>\n\t\t\t\t\t\t\t\t\t\t\t\t<span class=\"wpcf7-form-control-wrap\" data-name=\"your-email\"><input size=\"40\" class=\"wpcf7-form-control wpcf7-text wpcf7-email wpcf7-validates-as-required wpcf7-validates-as-email form-control text-3 h-auto py-2\" aria-required=\"true\" aria-invalid=\"false\" value=\"\" type=\"email\" name=\"your-email\"><\/span>\n\t\t\t\t\t\t\t\t\t\t\t<\/p>\n<\/p><\/div>\n<\/p><\/div>\n<div class=\"row\">\n<div class=\"form-group col-md-12\" editable=\"rich\">\n<p><label class=\"form-label mb-1 text-2\" editable=\"inline\">Phone<\/label><br \/>\n\t\t\t\t\t\t\t\t\t\t\t\t<span class=\"wpcf7-form-control-wrap\" data-name=\"phone\"><input size=\"40\" class=\"wpcf7-form-control wpcf7-text wpcf7-tel wpcf7-validates-as-required wpcf7-validates-as-tel form-control text-3 h-auto py-2\" aria-required=\"true\" aria-invalid=\"false\" value=\"\" type=\"tel\" name=\"phone\"><\/span>\n\t\t\t\t\t\t\t\t\t\t\t<\/p>\n<\/p><\/div>\n<\/p><\/div>\n<div class=\"row\">\n<div class=\"form-group col-md-12\" editable=\"rich\">\n<p><label class=\"form-label mb-1 text-2\" editable=\"inline\">Subject<\/label><br \/>\n\t\t\t\t\t\t\t\t\t\t\t\t<span class=\"wpcf7-form-control-wrap\" data-name=\"your-subject\"><input size=\"40\" class=\"wpcf7-form-control wpcf7-text wpcf7-validates-as-required form-control text-3 h-auto py-2\" aria-required=\"true\" aria-invalid=\"false\" value=\"\" type=\"text\" name=\"your-subject\"><\/span>\n\t\t\t\t\t\t\t\t\t\t\t<\/p>\n<\/p><\/div>\n<\/p><\/div>\n<div class=\"row\">\n<div class=\"form-group col-md-12 mb-5\" editable=\"rich\">\n<p><input type=\"submit\" id=\"contactFormSubmit\" value=\"Send Message\" class=\"btn btn-primary btn-modern pull-right\" data-loading-text=\"Loading...\">\n\t\t\t\t\t\t\t\t\t\t\t<\/p>\n<\/p><\/div>\n<\/p><\/div>\n<div class=\"wpcf7-response-output\" aria-hidden=\"true\"><\/div>\n<\/p><input type=\"hidden\" name=\"trp-form-language\" value=\"en\"\/><\/form>\n<\/p><\/div>\n<\/p><\/div>\n<\/p><\/div>\n<\/p><\/div>\n<\/p><\/div>\n<\/p><\/div>\n<div class=\"col-lg-5\">\n<div class=\"overflow-hidden mb-1\">\n<h4 class=\"text-primary mb-0 appear-animation animated maskUp appear-animation-visible\" data-appear-animation=\"maskUp\" data-appear-animation-delay=\"200\">Always in Contact<\/h4>\n<\/p><\/div>\n<div class=\"overflow-hidden mb-3\">\n<p class=\"lead text-4 mb-0 appear-animation animated maskUp appear-animation-visible\" data-appear-animation=\"maskUp\" data-appear-animation-delay=\"400\" style=\"animation-delay: 400ms;\">Agendemos una cita para desarrollar tus proyectos. Cont\u00e1ctanos hoy mismo.<\/p>\n<\/p><\/div>\n<div class=\"overflow-hidden\">\n<p class=\"mb-0 appear-animation animated maskUp appear-animation-visible\" data-appear-animation=\"maskUp\" data-appear-animation-delay=\"600\" style=\"animation-delay: 600ms;\"><\/p>\n<\/p><\/div>\n<div class=\"appear-animation\" data-appear-animation=\"fadeInUpShorter\" data-appear-animation-delay=\"800\">\n<h4 class=\"text-primary pt-5\">Nuestra&nbsp;<strong>Oficina<\/strong><\/h4>\n<ul class=\"list list-icons list-icons-style-3 mt-2\">\n\t\t\t\t\t<lt-highlighter contenteditable=\"false\" class=\"lt--mac-os\" style=\"display: none; z-index: 1 !important;\" data-lt-linked=\"1\"><br \/>\n\t\t\t\t\t\t<lt-div spellcheck=\"false\" class=\"lt-highlighter__wrapper\" style=\"width: 431.828px !important; height: 53px !important; transform: none !important; transform-origin: 215.914px 26.5px !important; zoom: 1 !important;\"><br \/>\n\t\t\t\t\t\t\t<lt-div class=\"lt-highlighter__scroll-element\" style=\"top: 0px !important; left: 0px !important; width: 431.828px !important; height: 53px !important;\"><canvas class=\"lt-highlighter__canvas\" width=\"30\" height=\"23\" style=\"display: none; top: 6px !important; left: 180px !important;\"><\/canvas><\/lt-div><br \/>\n\t\t\t\t\t\t<\/lt-div><br \/>\n\t\t\t\t\t<\/lt-highlighter><br \/>\n\t\t\t\t\t<lt-highlighter contenteditable=\"false\" class=\"lt--mac-os\" style=\"display: none; z-index: 1 !important;\" data-lt-linked=\"1\"><br \/>\n\t\t\t\t\t\t<lt-div spellcheck=\"false\" class=\"lt-highlighter__wrapper\" style=\"width: 431.828px !important; height: 53px !important; transform: none !important; transform-origin: 215.914px 26.5px !important; zoom: 1 !important;\"><br \/>\n\t\t\t\t\t\t\t<lt-div class=\"lt-highlighter__scroll-element\" style=\"top: 0px !important; left: 0px !important; width: 431.828px !important; height: 53px !important;\"><canvas class=\"lt-highlighter__canvas\" width=\"30\" height=\"23\" style=\"display: none; top: 6px !important; left: 180px !important;\"><\/canvas><\/lt-div><br \/>\n\t\t\t\t\t\t<\/lt-div><br \/>\n\t\t\t\t\t<\/lt-highlighter><\/p>\n<li class=\"lune-block\" editable=\"inline\"><i class=\"fas fa-map-marker-alt top-6\"><\/i> <strong>Address<\/strong> Carrera 49B No 74-47 &#8211; Barranquilla &#8211; Atl\u00e1ntico<\/li>\n<li class=\"lune-block\" editable=\"inline\"><i class=\"fas fa-phone top-6\"><\/i> <strong>Phone<\/strong> +57 310 632 00 83<\/li>\n<p>\t\t\t\t\t<lt-highlighter contenteditable=\"false\" class=\"lt--mac-os\" style=\"display: none; z-index: 1 !important;\" data-lt-linked=\"1\"><br \/>\n\t\t\t\t\t\t<lt-div spellcheck=\"false\" class=\"lt-highlighter__wrapper\" style=\"width: 451px !important; height: 29px !important; transform: none !important; transform-origin: 225.5px 14.5px !important; zoom: 1 !important;\"><br \/>\n\t\t\t\t\t\t\t<lt-div class=\"lt-highlighter__scroll-element\" style=\"top: 0px !important; left: 0px !important; width: 451px !important; height: 31px !important;\"><\/lt-div><br \/>\n\t\t\t\t\t\t<\/lt-div><br \/>\n\t\t\t\t\t<\/lt-highlighter><\/p>\n<li class=\"lune-block\" editable=\"inline\" data-lt-tmp-id=\"lt-121823\" spellcheck=\"false\" data-gramm=\"false\"><i class=\"fas fa-phone top-6\"><\/i> <strong>Phone<\/strong> +57&nbsp; 311 889 03 64&nbsp;\n<\/p>\n<\/p>\n<\/li>\n<p>\t\t\t\t\t<lt-highlighter contenteditable=\"false\" class=\"lt--mac-os\" style=\"display: none; z-index: 1 !important;\" data-lt-linked=\"1\"><br \/>\n\t\t\t\t\t\t<lt-div spellcheck=\"false\" class=\"lt-highlighter__wrapper\" style=\"width: 451px !important; height: 29px !important; transform: none !important; transform-origin: 225.5px 14.5px !important; zoom: 1 !important;\"><br \/>\n\t\t\t\t\t\t\t<lt-div class=\"lt-highlighter__scroll-element\" style=\"top: 0px !important; left: 0px !important; width: 451px !important; height: 31px !important;\"><\/lt-div><br \/>\n\t\t\t\t\t\t<\/lt-div><br \/>\n\t\t\t\t\t<\/lt-highlighter><br \/>\n\t\t\t\t\t<lt-highlighter contenteditable=\"false\" class=\"lt--mac-os\" style=\"display: none; z-index: 1 !important;\" data-lt-linked=\"1\"><br \/>\n\t\t\t\t\t\t<lt-div spellcheck=\"false\" class=\"lt-highlighter__wrapper\" style=\"width: 451px !important; height: 29px !important; transform: none !important; transform-origin: 225.5px 14.5px !important; zoom: 1 !important;\"><br \/>\n\t\t\t\t\t\t\t<lt-div class=\"lt-highlighter__scroll-element\" style=\"top: 0px !important; left: 0px !important; width: 451px !important; height: 31px !important;\"><\/lt-div><br \/>\n\t\t\t\t\t\t<\/lt-div><br \/>\n\t\t\t\t\t<\/lt-highlighter><\/p>\n<li class=\"lune-block\" editable=\"inline\" data-lt-tmp-id=\"lt-577209\" spellcheck=\"false\" data-gramm=\"false\"><i class=\"fas fa-phone top-6\"><\/i> <strong>PBX:<\/strong> +57 3854224 <\/li>\n<li class=\"lune-block\" editable=\"inline\"><i class=\"fas fa-envelope top-6\"><\/i> <strong>Email:<\/strong> <a href=\"\/en\/comercial@compucables.net\/\" class=\"text-primary\">comercialcosta@compucables.net<\/a><\/li>\n<li class=\"lune-block\" editable=\"inline\"><i class=\"fas fa-envelope top-6\"><\/i> <strong>Email:<\/strong> <a href=\"\/en\/comercial@compucables.net\/\" class=\"text-primary\">comercial@compucables.net<\/a><\/li>\n<\/ul><\/div>\n<\/p><\/div>\n<\/p><\/div>\n<\/div>\n<section>\n<div class=\"container-fluid\">\n<div class=\"row mb-5\">\n<div class=\"appear-animation animated fadeIn appear-animation-visible col-lg-3\" data-appear-animation=\"fadeIn\" data-appear-animation-delay=\"800\" data-plugin-options=\"{'accY': -200}\" style=\"animation-delay: 800ms;\">\n<h4 class=\"pt-5\" editable=\"inline\">Melissa <strong>Franco Carrillo<\/strong><\/h4>\n<p editable=\"inline\">Ing. Comercial Costa<\/p>\n<ul class=\"list list-icons list-icons-style-3 mt-2\" editable=\"inline\">\n<li><em class=\"fas fa-phone top-6\"><\/em> <strong>Celular:<\/strong> +57 311 889 03 64<\/li>\n<li><em class=\"fas fa-envelope top-6\"><\/em> <strong>Email:<\/strong> <a href=\"mailto:comercialcosta@compucables.net\" class=\"text-primary\">comercialcosta@compucables.net<\/a><\/li>\n<\/ul><\/div>\n<div class=\"appear-animation animated fadeIn appear-animation-visible col-lg-3\" data-appear-animation=\"fadeIn\" data-appear-animation-delay=\"800\" data-plugin-options=\"{'accY': -200}\" style=\"animation-delay: 800ms;\">\n<h4 class=\"pt-5\" editable=\"inline\">German <strong>Rodriguez A.<\/strong><\/h4>\n<p editable=\"inline\" class=\"\">Dir. Comercial<\/p>\n<ul class=\"list list-icons list-icons-style-3 mt-2\" editable=\"inline\">\n<li class=\"lune-block\" editable=\"inline\"><em class=\"fas fa-phone top-6\"><\/em> <strong>Celular:&nbsp;<\/strong>+57 310 632 00 83<\/li>\n<li class=\"lune-block\" editable=\"inline\"><em class=\"fas fa-envelope top-6\"><\/em> <strong>Email:<\/strong> <a href=\"mailto:comercial@compucables.net\" class=\"text-primary\">comercial@compucables.net<\/a><\/li>\n<\/ul><\/div>\n<div class=\"appear-animation animated fadeIn appear-animation-visible col-lg-3\" data-appear-animation=\"fadeIn\" data-appear-animation-delay=\"800\" data-plugin-options=\"{'accY': -200}\" style=\"animation-delay: 800ms;\">\n<h4 class=\"pt-5\" editable=\"inline\">Darwin <strong>Niebles Vargas<\/strong><\/h4>\n<p editable=\"inline\" class=\"\">Dir. Proyectos<\/p>\n<ul class=\"list list-icons list-icons-style-3 mt-2\" editable=\"inline\">\n<li class=\"lune-block\" editable=\"inline\"><em class=\"fas fa-phone top-6\"><\/em> <strong>Celular:&nbsp;<\/strong>+57 322 263 58 43<\/li>\n<li class=\"lune-block\" editable=\"inline\"><em class=\"fas fa-envelope top-6\"><\/em> <strong>Email:<\/strong> <a href=\"mailto:planeacion@compucables.net\" class=\"text-primary\">planeacion@compucables.net<\/a><\/li>\n<\/ul><\/div>\n<div class=\"appear-animation animated fadeIn appear-animation-visible col-lg-3\" data-appear-animation=\"fadeIn\" data-appear-animation-delay=\"800\" data-plugin-options=\"{'accY': -200}\" style=\"animation-delay: 800ms;\">\n<h4 class=\"pt-5\" editable=\"inline\" contenteditable=\"true\">Eliab&nbsp;<strong>Rodriguez<\/strong><\/h4>\n<p editable=\"inline\">Ing. Proyectos<\/p>\n<ul class=\"list list-icons list-icons-style-3 mt-2\" editable=\"inline\" contenteditable=\"true\">\n<li><em class=\"fas fa-phone top-6\"><\/em> <strong>Celular: +57&nbsp;<\/strong>322 820 16 95<\/li>\n<li><em class=\"fas fa-envelope top-6\"><\/em> <strong>Email:<\/strong> <a href=\"mailto:comercialcosta2@compucables.net\" class=\"text-primary\">comercialcosta2@compucables.net<\/a><\/li>\n<\/ul><\/div>\n<\/p><\/div>\n<\/p><\/div>\n<\/section>\n<p><iframe data-lazyloaded=\"1\" src=\"about:blank\" data-src=\"https:\/\/www.google.com\/maps\/embed?pb=!1m18!1m12!1m3!1d811.3659463731198!2d-74.80641487751686!3d10.998302874976897!2m3!1f0!2f0!3f0!3m2!1i1024!2i768!4f13.1!3m3!1m2!1s0x8ef42d0aefcc8b5d%3A0xdd301b4d6c516b9a!2sCra.%2049b%20%2374-47%2C%20Nte.%20Centro%20Historico%2C%20Barranquilla%2C%20Atl%C3%A1ntico!5e0!3m2!1ses-419!2sco!4v1678156325253!5m2!1ses-419!2sco\" width=\"100%\" height=\"450\" style=\"border:0;\" allowfullscreen=\"\" loading=\"lazy\" referrerpolicy=\"no-referrer-when-downgrade\"><\/iframe><\/p>","protected":false},"excerpt":{"rendered":"<p>Cont\u00e1ctenos Siempre m\u00e1s cerca de usted Inicio Contacto Contacto Pronto uno de nuestros asesores se pondr\u00e1 en contacto con usted! Nombre Email Tel\u00e9fono Asunto Siempre en Contacto Agendemos una cita para desarrollar tus proyectos. Cont\u00e1ctanos hoy mismo. Nuestra&nbsp;Oficina Direcci\u00f3n: Carrera 49B No 74-47 &#8211; Barranquilla &#8211; Atl\u00e1ntico Tel\u00e9fono: +57 310 632 00 83 Tel\u00e9fono: +57&nbsp; [&hellip;]<\/p>","protected":false},"author":1,"featured_media":0,"parent":0,"menu_order":0,"comment_status":"closed","ping_status":"closed","template":"","meta":{"footnotes":""},"class_list":["post-256","page","type-page","status-publish","hentry"],"_links":{"self":[{"href":"https:\/\/compucables.net.co\/en\/wp-json\/wp\/v2\/pages\/256","targetHints":{"allow":["GET"]}}],"collection":[{"href":"https:\/\/compucables.net.co\/en\/wp-json\/wp\/v2\/pages"}],"about":[{"href":"https:\/\/compucables.net.co\/en\/wp-json\/wp\/v2\/types\/page"}],"author":[{"embeddable":true,"href":"https:\/\/compucables.net.co\/en\/wp-json\/wp\/v2\/users\/1"}],"replies":[{"embeddable":true,"href":"https:\/\/compucables.net.co\/en\/wp-json\/wp\/v2\/comments?post=256"}],"version-history":[{"count":37,"href":"https:\/\/compucables.net.co\/en\/wp-json\/wp\/v2\/pages\/256\/revisions"}],"predecessor-version":[{"id":1070,"href":"https:\/\/compucables.net.co\/en\/wp-json\/wp\/v2\/pages\/256\/revisions\/1070"}],"wp:attachment":[{"href":"https:\/\/compucables.net.co\/en\/wp-json\/wp\/v2\/media?parent=256"}],"curies":[{"name":"wp","href":"https:\/\/api.w.org\/{rel}","templated":true}]}}